 
{"id":559,"date":"2025-09-11T09:24:04","date_gmt":"2025-09-11T07:24:04","guid":{"rendered":"https:\/\/www.parkingdesiles.com\/porquerolles-besuchen\/"},"modified":"2025-10-16T16:42:02","modified_gmt":"2025-10-16T14:42:02","slug":"porquerolles-besuchen","status":"publish","type":"page","link":"https:\/\/www.parkingdesiles.com\/de\/porquerolles-besuchen\/","title":{"rendered":"Porquerolles besuchen"},"content":{"rendered":"<div class=\"diaporama-header align-full\"><div class=\"gallery\"><figure class=\"gallery__item\"><picture><source srcset=\"https:\/\/www.parkingdesiles.com\/wp-content\/uploads\/2025\/09\/banniere-parking-iles-porquerolles-420x236.webp\" media=\"(max-width: 210px)\"><source srcset=\"https:\/\/www.parkingdesiles.com\/wp-content\/uploads\/2025\/09\/banniere-parking-iles-porquerolles-850x478.webp\" media=\"(max-width: 420px)\"><source srcset=\"https:\/\/www.parkingdesiles.com\/wp-content\/uploads\/2025\/09\/banniere-parking-iles-porquerolles-768x432.webp\" media=\"(max-width: 850px)\"><source srcset=\"https:\/\/www.parkingdesiles.com\/wp-content\/uploads\/2025\/09\/banniere-parking-iles-porquerolles-1024x576.webp\" media=\"(max-width: 1024px)\"><source srcset=\"https:\/\/www.parkingdesiles.com\/wp-content\/uploads\/2025\/09\/banniere-parking-iles-porquerolles.webp\" media=\"(min-width: 1025px)\"><img loading=\"lazy\" decoding=\"async\" src=\"https:\/\/www.parkingdesiles.com\/wp-content\/uploads\/2025\/09\/banniere-parking-iles-porquerolles-420x236.webp\" width=\"420\" height=\"210\" alt=\"\" title=\"\"><\/picture><\/figure><\/div><div class=\"diaporama-header__inner\"><p class=\"h2 fade-left\"   >Erkunden Sie Porquerolles mit all seinen Facetten<\/p><figure class=\"map fade-right hide-mob\"><picture><source srcset=\"https:\/\/www.parkingdesiles.com\/wp-content\/uploads\/2025\/10\/carte-parking-iles-france-420x180.webp\" media=\"(max-width: 210px)\"><source srcset=\"https:\/\/www.parkingdesiles.com\/wp-content\/uploads\/2025\/10\/carte-parking-iles-france-850x364.webp\" media=\"(max-width: 420px)\"><source srcset=\"https:\/\/www.parkingdesiles.com\/wp-content\/uploads\/2025\/10\/carte-parking-iles-france-768x329.webp\" media=\"(max-width: 850px)\"><source srcset=\"https:\/\/www.parkingdesiles.com\/wp-content\/uploads\/2025\/10\/carte-parking-iles-france-1024x439.webp\" media=\"(max-width: 1024px)\"><source srcset=\"https:\/\/www.parkingdesiles.com\/wp-content\/uploads\/2025\/10\/carte-parking-iles-france.webp\" media=\"(min-width: 1025px)\"><img loading=\"lazy\" decoding=\"async\" src=\"https:\/\/www.parkingdesiles.com\/wp-content\/uploads\/2025\/10\/carte-parking-iles-france-420x180.webp\" width=\"420\" height=\"210\" alt=\"\" title=\"\"><\/picture><\/figure><\/div><\/div><figure class=\"map fade-right show-mob\"><picture><source srcset=\"https:\/\/www.parkingdesiles.com\/wp-content\/uploads\/2025\/10\/carte-parking-iles-france-420x180.webp\" media=\"(max-width: 210px)\"><source srcset=\"https:\/\/www.parkingdesiles.com\/wp-content\/uploads\/2025\/10\/carte-parking-iles-france-850x364.webp\" media=\"(max-width: 420px)\"><source srcset=\"https:\/\/www.parkingdesiles.com\/wp-content\/uploads\/2025\/10\/carte-parking-iles-france-768x329.webp\" media=\"(max-width: 850px)\"><source srcset=\"https:\/\/www.parkingdesiles.com\/wp-content\/uploads\/2025\/10\/carte-parking-iles-france-1024x439.webp\" media=\"(max-width: 1024px)\"><source srcset=\"https:\/\/www.parkingdesiles.com\/wp-content\/uploads\/2025\/10\/carte-parking-iles-france.webp\" media=\"(min-width: 1025px)\"><img decoding=\"async\" src=\"https:\/\/www.parkingdesiles.com\/wp-content\/uploads\/2025\/10\/carte-parking-iles-france-420x180.webp\" width=\"420\" height=\"210\" loading=\"lazy\" alt=\"\" title=\"\"><\/picture><\/figure><div class=\"group sec-05 align-full\"><h1 style=\"text-align: center;\">Was kann man in Porquerolles unternehmen?<\/h1><div class=\"columns cards f-carousel fc-diapo-mob\"><div class=\"columns__item fade-down\"><figure class=\"picto\"><picture><source srcset=\"https:\/\/www.parkingdesiles.com\/wp-content\/uploads\/2025\/09\/picto-palmier.webp\" media=\"(max-width: 210px)\"><source srcset=\"https:\/\/www.parkingdesiles.com\/wp-content\/uploads\/2025\/09\/picto-palmier.webp\" media=\"(max-width: 420px)\"><source srcset=\"https:\/\/www.parkingdesiles.com\/wp-content\/uploads\/2025\/09\/picto-palmier.webp\" media=\"(max-width: 850px)\"><source srcset=\"https:\/\/www.parkingdesiles.com\/wp-content\/uploads\/2025\/09\/picto-palmier.webp\" media=\"(max-width: 1024px)\"><source srcset=\"https:\/\/www.parkingdesiles.com\/wp-content\/uploads\/2025\/09\/picto-palmier.webp\" media=\"(min-width: 1025px)\"><img decoding=\"async\" src=\"https:\/\/www.parkingdesiles.com\/wp-content\/uploads\/2025\/09\/picto-palmier.webp\" width=\"420\" height=\"210\" loading=\"lazy\" alt=\"\" title=\"\"><\/picture><\/figure><p class=\"h5 center\" style=\"text-align: center;\"  >Die Str\u00e4nde<\/p><p class=\"center\" style=\"text-align: center;\"  ><strong>Weniger als 10 Minuten<\/strong> Fu\u00dfweg von der Anlegestelle entfernt erwartet Sie der erste Strand. Der <strong>Strand von Notre-Dame<\/strong>, der von European Best Destinations zum sch\u00f6nsten Strand Europas gew\u00e4hlt wurde, besticht durch seinen feinen Sand und das t\u00fcrkisfarbene Wasser. <strong>La Courtade<\/strong>, <strong>l&#8217;Ayguade<\/strong>, <strong>l&#8217;Argent<\/strong> und <strong>le Langoustier <\/strong>vervollst\u00e4ndigen diese Palette von Meereslandschaften mit unterschiedlichen Stimmungen.<\/p><\/div><div class=\"columns__item fade-up\"><figure class=\"picto\"><picture><source srcset=\"https:\/\/www.parkingdesiles.com\/wp-content\/uploads\/2025\/09\/picto-masque.webp\" media=\"(max-width: 210px)\"><source srcset=\"https:\/\/www.parkingdesiles.com\/wp-content\/uploads\/2025\/09\/picto-masque.webp\" media=\"(max-width: 420px)\"><source srcset=\"https:\/\/www.parkingdesiles.com\/wp-content\/uploads\/2025\/09\/picto-masque.webp\" media=\"(max-width: 850px)\"><source srcset=\"https:\/\/www.parkingdesiles.com\/wp-content\/uploads\/2025\/09\/picto-masque.webp\" media=\"(max-width: 1024px)\"><source srcset=\"https:\/\/www.parkingdesiles.com\/wp-content\/uploads\/2025\/09\/picto-masque.webp\" media=\"(min-width: 1025px)\"><img decoding=\"async\" src=\"https:\/\/www.parkingdesiles.com\/wp-content\/uploads\/2025\/09\/picto-masque.webp\" width=\"420\" height=\"210\" loading=\"lazy\" alt=\"\" title=\"\"><\/picture><\/figure><p class=\"h5 center\" style=\"text-align: center;\"  >Tauchen<\/p><p class=\"center\" style=\"text-align: center;\"  >F\u00fcr Liebhaber des Meeresbodens gibt es unter Wasser <strong>arch\u00e4ologische Sch\u00e4tze<\/strong> zu entdecken. Diese Relikte erz\u00e4hlen die maritime Geschichte der Region und bieten ein kulturelles und entspannendes Taucherlebnis.<\/p><\/div><div class=\"columns__item fade-down\"><figure class=\"picto\"><picture><source srcset=\"https:\/\/www.parkingdesiles.com\/wp-content\/uploads\/2025\/09\/picto-arbre.webp\" media=\"(max-width: 210px)\"><source srcset=\"https:\/\/www.parkingdesiles.com\/wp-content\/uploads\/2025\/09\/picto-arbre.webp\" media=\"(max-width: 420px)\"><source srcset=\"https:\/\/www.parkingdesiles.com\/wp-content\/uploads\/2025\/09\/picto-arbre.webp\" media=\"(max-width: 850px)\"><source srcset=\"https:\/\/www.parkingdesiles.com\/wp-content\/uploads\/2025\/09\/picto-arbre.webp\" media=\"(max-width: 1024px)\"><source srcset=\"https:\/\/www.parkingdesiles.com\/wp-content\/uploads\/2025\/09\/picto-arbre.webp\" media=\"(min-width: 1025px)\"><img decoding=\"async\" src=\"https:\/\/www.parkingdesiles.com\/wp-content\/uploads\/2025\/09\/picto-arbre.webp\" width=\"420\" height=\"210\" loading=\"lazy\" alt=\"\" title=\"\"><\/picture><\/figure><p class=\"h5 center\" style=\"text-align: center;\"  >G\u00e4rten und Geschmack<\/p><p class=\"center\" style=\"text-align: center;\"  >Der <strong>landwirtschaftliche Weiler des Botanischen Konservatoriums<\/strong> im Herzen der Insel l\u00e4dt Sie zu einem Spaziergang durch seine G\u00e4rten und Obstg\u00e4rten ein. Ein Spaziergang f\u00fcr die Sinne, der mit der Verkostung von frischen, sonnenverw\u00f6hnten Fr\u00fcchten endet.<\/p><\/div><div class=\"columns__item fade-up\"><figure class=\"picto\"><picture><source srcset=\"https:\/\/www.parkingdesiles.com\/wp-content\/uploads\/2025\/09\/picto-marche.webp\" media=\"(max-width: 210px)\"><source srcset=\"https:\/\/www.parkingdesiles.com\/wp-content\/uploads\/2025\/09\/picto-marche.webp\" media=\"(max-width: 420px)\"><source srcset=\"https:\/\/www.parkingdesiles.com\/wp-content\/uploads\/2025\/09\/picto-marche.webp\" media=\"(max-width: 850px)\"><source srcset=\"https:\/\/www.parkingdesiles.com\/wp-content\/uploads\/2025\/09\/picto-marche.webp\" media=\"(max-width: 1024px)\"><source srcset=\"https:\/\/www.parkingdesiles.com\/wp-content\/uploads\/2025\/09\/picto-marche.webp\" media=\"(min-width: 1025px)\"><img decoding=\"async\" src=\"https:\/\/www.parkingdesiles.com\/wp-content\/uploads\/2025\/09\/picto-marche.webp\" width=\"420\" height=\"210\" loading=\"lazy\" alt=\"\" title=\"\"><\/picture><\/figure><p class=\"h5 center\" style=\"text-align: center;\"  >Wanderungen und Kulturerbe<\/p><p class=\"center\" style=\"text-align: center;\"  >Schattige Wege, atemberaubende Panoramen und unber\u00fchrte Natur&#8230; Porquerolles l\u00e4sst sich am besten auf den markierten Wegen erkunden. Jahrhundert und <strong>das<\/strong> <strong>Fort Sainte Agathe<\/strong> aus dem 16. Jahrhundert, von <strong>dem<\/strong> aus Sie einen der sch\u00f6nsten Ausblicke auf die Reede von Les Salins haben.<\/p><\/div><\/div><\/div><div class=\"group align-full has-bg has-fond-jaune-bg-color\" style=\"background-color:var(--fond-jaune);\"><h2 class=\"h1\" style=\"text-align: center;color: var(--jaune);\">Wie kommt man auf die Insel?<\/h2><div class=\"columns pictos mini\"><div class=\"columns__item fade-up\"><figure class=\"picto\"><picture><source srcset=\"https:\/\/www.parkingdesiles.com\/wp-content\/uploads\/2025\/09\/picto-bateau.webp\" media=\"(max-width: 210px)\"><source srcset=\"https:\/\/www.parkingdesiles.com\/wp-content\/uploads\/2025\/09\/picto-bateau.webp\" media=\"(max-width: 420px)\"><source srcset=\"https:\/\/www.parkingdesiles.com\/wp-content\/uploads\/2025\/09\/picto-bateau.webp\" media=\"(max-width: 850px)\"><source srcset=\"https:\/\/www.parkingdesiles.com\/wp-content\/uploads\/2025\/09\/picto-bateau.webp\" media=\"(max-width: 1024px)\"><source srcset=\"https:\/\/www.parkingdesiles.com\/wp-content\/uploads\/2025\/09\/picto-bateau.webp\" media=\"(min-width: 1025px)\"><img decoding=\"async\" src=\"https:\/\/www.parkingdesiles.com\/wp-content\/uploads\/2025\/09\/picto-bateau.webp\" width=\"420\" height=\"210\" loading=\"lazy\" alt=\"\" title=\"\"><\/picture><\/figure><p class=\"center\" style=\"text-align: center;\"  >Mit den regelm\u00e4\u00dfigen Verbindungen von Hy\u00e8res und Toulon erreichen Sie Porquerolles auf einfache Weise. Ideal, um eine angenehme \u00dcberfahrt zu einem erschwinglichen Preis zu genie\u00dfen.<\/p><p class=\"center\" style=\"text-align: center;color: var(--jaune);\" id=\"https:\/\/www.tlv-tvm.com\/horaires-tarifs-horaires-2\/\" ><a style=\"color: var(--jaune);\" href=\"https:\/\/www.tlv-tvm.com\/horaires-tarifs-horaires-2\/\" target=\"_blank\" data-type=\"link\" data-id=\"https:\/\/www.tlv-tvm.com\/horaires-tarifs-horaires-2\/\" rel=\"noreferrer noopener\"><strong>Siehe Abfahrten und Fahrpl\u00e4ne<\/strong><\/a><\/p><\/div><div class=\"columns__item fade-down\"><figure class=\"picto\"><picture><source srcset=\"https:\/\/www.parkingdesiles.com\/wp-content\/uploads\/2025\/09\/picto-bateau.webp\" media=\"(max-width: 210px)\"><source srcset=\"https:\/\/www.parkingdesiles.com\/wp-content\/uploads\/2025\/09\/picto-bateau.webp\" media=\"(max-width: 420px)\"><source srcset=\"https:\/\/www.parkingdesiles.com\/wp-content\/uploads\/2025\/09\/picto-bateau.webp\" media=\"(max-width: 850px)\"><source srcset=\"https:\/\/www.parkingdesiles.com\/wp-content\/uploads\/2025\/09\/picto-bateau.webp\" media=\"(max-width: 1024px)\"><source srcset=\"https:\/\/www.parkingdesiles.com\/wp-content\/uploads\/2025\/09\/picto-bateau.webp\" media=\"(min-width: 1025px)\"><img decoding=\"async\" src=\"https:\/\/www.parkingdesiles.com\/wp-content\/uploads\/2025\/09\/picto-bateau.webp\" width=\"420\" height=\"210\" loading=\"lazy\" alt=\"\" title=\"\"><\/picture><\/figure><p class=\"center\" style=\"text-align: center;\"  >F\u00fcr eine ma\u00dfgeschneiderte Abfahrt und optimalen Komfort entscheiden Sie sich f\u00fcr ein Wassertaxi. Dieser schnelle und private Bus bringt Sie direkt zum Hafen der Insel.<\/p><p class=\"center\" style=\"text-align: center;color: var(--jaune);\" id=\"https:\/\/www.bateaux-taxi.com\/\" ><a style=\"color: var(--jaune);\" href=\"https:\/\/www.bateaux-taxi.com\/\" target=\"_blank\" data-type=\"link\" data-id=\"https:\/\/www.bateaux-taxi.com\/\" rel=\"noreferrer noopener\"><strong>Buchen Sie eine Fahrt<\/strong><\/a><\/p><\/div><\/div><\/div>","protected":false},"excerpt":{"rendered":"<p>Erkunden Sie Porquerolles mit all seinen Facetten Was kann man in Porquerolles unternehmen? Die Str\u00e4nde Weniger als 10 Minuten Fu\u00dfweg von der Anlegestelle entfernt erwartet Sie der erste Strand. Der Strand von Notre-Dame, der von European Best Destinations zum sch\u00f6nsten Strand Europas gew\u00e4hlt wurde, besticht durch seinen feinen Sand und das t\u00fcrkisfarbene Wasser. La Courtade, [&hellip;]<\/p>\n","protected":false},"author":1,"featured_media":0,"parent":0,"menu_order":0,"comment_status":"closed","ping_status":"closed","template":"","meta":{"_acf_changed":false,"footnotes":""},"acf":[],"_links":{"self":[{"href":"https:\/\/www.parkingdesiles.com\/de\/wp-json\/wp\/v2\/pages\/559"}],"collection":[{"href":"https:\/\/www.parkingdesiles.com\/de\/wp-json\/wp\/v2\/pages"}],"about":[{"href":"https:\/\/www.parkingdesiles.com\/de\/wp-json\/wp\/v2\/types\/page"}],"author":[{"embeddable":true,"href":"https:\/\/www.parkingdesiles.com\/de\/wp-json\/wp\/v2\/users\/1"}],"replies":[{"embeddable":true,"href":"https:\/\/www.parkingdesiles.com\/de\/wp-json\/wp\/v2\/comments?post=559"}],"version-history":[{"count":1,"href":"https:\/\/www.parkingdesiles.com\/de\/wp-json\/wp\/v2\/pages\/559\/revisions"}],"predecessor-version":[{"id":561,"href":"https:\/\/www.parkingdesiles.com\/de\/wp-json\/wp\/v2\/pages\/559\/revisions\/561"}],"wp:attachment":[{"href":"https:\/\/www.parkingdesiles.com\/de\/wp-json\/wp\/v2\/media?parent=559"}],"curies":[{"name":"wp","href":"https:\/\/api.w.org\/{rel}","templated":true}]}}